{"id":1016,"date":"2020-09-17T19:25:17","date_gmt":"2020-09-17T19:25:17","guid":{"rendered":"http:\/\/mepregion28.org\/?page_id=1016"},"modified":"2021-08-20T12:42:09","modified_gmt":"2021-08-20T20:42:09","slug":"kahn-academy","status":"publish","type":"page","link":"https:\/\/mepregion28.org\/index.php\/involucramiento-estudiantil\/kahn-academy\/","title":{"rendered":"Khan Academy"},"content":{"rendered":"\n<p>Con el programa Khan Academy, estudiantes trabajan al lado del especialista del aprendizaje para crear y seguir un plan de tutor\u00eda guiada para trabajar m\u00e1s en sus temas acad\u00e9micas m\u00e1s dif\u00edciles, para rellenar los huecos de conocimiento y entender mejor lo que estudian en la escuela.<\/p>\n\n\n\n<figure class=\"wp-block-image size-large is-resized\"><img decoding=\"async\" src=\"http:\/\/mepregion28.org\/wp-content\/uploads\/2020\/09\/image7.jpg\" alt=\"Kahn Academy\" class=\"wp-image-1072\" width=\"500\" srcset=\"https:\/\/mepregion28.org\/wp-content\/uploads\/2020\/09\/image7.jpg 1024w, https:\/\/mepregion28.org\/wp-content\/uploads\/2020\/09\/image7-300x225.jpg 300w, https:\/\/mepregion28.org\/wp-content\/uploads\/2020\/09\/image7-768x576.jpg 768w, https:\/\/mepregion28.org\/wp-content\/uploads\/2020\/09\/image7-570x428.jpg 570w\" sizes=\"(max-width: 1024px) 100vw, 1024px\" \/><\/figure>\n\n\n\n<div class=\"wp-block-image\"><figure class=\"alignleft size-full\"><img loading=\"lazy\" decoding=\"async\" width=\"500\" height=\"334\" src=\"https:\/\/mepregion28.org\/wp-content\/uploads\/2020\/09\/image9.png\" alt=\"Kahn Academy\" class=\"wp-image-1073\" srcset=\"https:\/\/mepregion28.org\/wp-content\/uploads\/2020\/09\/image9.png 500w, https:\/\/mepregion28.org\/wp-content\/uploads\/2020\/09\/image9-300x200.png 300w\" sizes=\"auto, (max-width: 500px) 100vw, 500px\" \/><\/figure><\/div>\n","protected":false},"excerpt":{"rendered":"<p>Con el programa Khan Academy, estudiantes trabajan al lado del especialista del aprendizaje para crear y seguir un plan de tutor\u00eda guiada para trabajar m\u00e1s en sus temas acad\u00e9micas m\u00e1s dif\u00edciles, para rellenar los huecos de conocimiento y entender mejor lo que estudian en la escuela.<\/p>\n","protected":false},"author":2,"featured_media":0,"parent":272,"menu_order":0,"comment_status":"closed","ping_status":"closed","template":"","meta":{"footnotes":""},"class_list":["post-1016","page","type-page","status-publish","czr-hentry"],"_links":{"self":[{"href":"https:\/\/mepregion28.org\/index.php\/wp-json\/wp\/v2\/pages\/1016","targetHints":{"allow":["GET"]}}],"collection":[{"href":"https:\/\/mepregion28.org\/index.php\/wp-json\/wp\/v2\/pages"}],"about":[{"href":"https:\/\/mepregion28.org\/index.php\/wp-json\/wp\/v2\/types\/page"}],"author":[{"embeddable":true,"href":"https:\/\/mepregion28.org\/index.php\/wp-json\/wp\/v2\/users\/2"}],"replies":[{"embeddable":true,"href":"https:\/\/mepregion28.org\/index.php\/wp-json\/wp\/v2\/comments?post=1016"}],"version-history":[{"count":7,"href":"https:\/\/mepregion28.org\/index.php\/wp-json\/wp\/v2\/pages\/1016\/revisions"}],"predecessor-version":[{"id":1114,"href":"https:\/\/mepregion28.org\/index.php\/wp-json\/wp\/v2\/pages\/1016\/revisions\/1114"}],"up":[{"embeddable":true,"href":"https:\/\/mepregion28.org\/index.php\/wp-json\/wp\/v2\/pages\/272"}],"wp:attachment":[{"href":"https:\/\/mepregion28.org\/index.php\/wp-json\/wp\/v2\/media?parent=1016"}],"curies":[{"name":"wp","href":"https:\/\/api.w.org\/{rel}","templated":true}]}}