{"id":1021,"date":"2020-09-17T19:27:11","date_gmt":"2020-09-18T03:27:11","guid":{"rendered":"http:\/\/mepregion28.org\/?page_id=1021"},"modified":"2021-08-20T13:30:45","modified_gmt":"2021-08-20T21:30:45","slug":"visitas-en-casa-ie","status":"publish","type":"page","link":"https:\/\/mepregion28.org\/index.php\/involucramiento-estudiantil\/visitas-en-casa-ie\/","title":{"rendered":"Visitas en Casa"},"content":{"rendered":"\n<p>Durante las visitas en casa (o escuela, biblioteca, o d\u00f3nde sea lo m\u00e1s f\u00e1cil de quedar), estudiantes trabajan al lado del especialista de aprendizaje para analizar c\u00f3mo apoyar m\u00e1s su camino en la escuela. Siempre hacemos actividades educativos divertidos, si sean sesiones de tutor\u00eda en lectura o escritura, tutor\u00eda guiada en l\u00ednea con el Khan Academy, o jugando y aprendiendo con el Stride Academy\u2026 o algo m\u00e1s! Lo que sea para apoyar y ayudar nuestros alumnos a tener confianza y \u00e9xito acad\u00e9mico.<\/p>\n","protected":false},"excerpt":{"rendered":"<p>Durante las visitas en casa (o escuela, biblioteca, o d\u00f3nde sea lo m\u00e1s f\u00e1cil de quedar), estudiantes trabajan al lado del especialista de aprendizaje para analizar c\u00f3mo apoyar m\u00e1s su camino en la escuela. Siempre hacemos actividades educativos divertidos, si sean sesiones de tutor\u00eda en lectura o escritura, tutor\u00eda guiada en l\u00ednea con el Khan [&hellip;]<\/p>\n","protected":false},"author":2,"featured_media":0,"parent":272,"menu_order":2,"comment_status":"closed","ping_status":"closed","template":"","meta":{"footnotes":""},"class_list":["post-1021","page","type-page","status-publish","czr-hentry"],"_links":{"self":[{"href":"https:\/\/mepregion28.org\/index.php\/wp-json\/wp\/v2\/pages\/1021","targetHints":{"allow":["GET"]}}],"collection":[{"href":"https:\/\/mepregion28.org\/index.php\/wp-json\/wp\/v2\/pages"}],"about":[{"href":"https:\/\/mepregion28.org\/index.php\/wp-json\/wp\/v2\/types\/page"}],"author":[{"embeddable":true,"href":"https:\/\/mepregion28.org\/index.php\/wp-json\/wp\/v2\/users\/2"}],"replies":[{"embeddable":true,"href":"https:\/\/mepregion28.org\/index.php\/wp-json\/wp\/v2\/comments?post=1021"}],"version-history":[{"count":4,"href":"https:\/\/mepregion28.org\/index.php\/wp-json\/wp\/v2\/pages\/1021\/revisions"}],"predecessor-version":[{"id":1037,"href":"https:\/\/mepregion28.org\/index.php\/wp-json\/wp\/v2\/pages\/1021\/revisions\/1037"}],"up":[{"embeddable":true,"href":"https:\/\/mepregion28.org\/index.php\/wp-json\/wp\/v2\/pages\/272"}],"wp:attachment":[{"href":"https:\/\/mepregion28.org\/index.php\/wp-json\/wp\/v2\/media?parent=1021"}],"curies":[{"name":"wp","href":"https:\/\/api.w.org\/{rel}","templated":true}]}}