{"id":155,"date":"2018-12-06T00:23:21","date_gmt":"2018-12-06T00:23:21","guid":{"rendered":"http:\/\/mepregion28.org\/?page_id=155"},"modified":"2020-09-17T18:56:12","modified_gmt":"2020-09-17T18:56:12","slug":"preescolar","status":"publish","type":"page","link":"https:\/\/mepregion28.org\/index.php\/preescolar\/","title":{"rendered":"Preescolar"},"content":{"rendered":"\n<div class=\"wp-block-image\"><figure class=\"alignright is-resized\"><img loading=\"lazy\" decoding=\"async\" src=\"http:\/\/mepregion28.org\/wp-content\/uploads\/2019\/10\/mep-ss-bohemia-2019-1518_48207463661_o-e1589244529786-1024x819.jpg\" alt=\"\" class=\"wp-image-210\" width=\"512\" height=\"410\" srcset=\"https:\/\/mepregion28.org\/wp-content\/uploads\/2019\/10\/mep-ss-bohemia-2019-1518_48207463661_o-e1589244529786-1024x819.jpg 1024w, https:\/\/mepregion28.org\/wp-content\/uploads\/2019\/10\/mep-ss-bohemia-2019-1518_48207463661_o-e1589244529786-300x240.jpg 300w, https:\/\/mepregion28.org\/wp-content\/uploads\/2019\/10\/mep-ss-bohemia-2019-1518_48207463661_o-e1589244529786-768x614.jpg 768w, https:\/\/mepregion28.org\/wp-content\/uploads\/2019\/10\/mep-ss-bohemia-2019-1518_48207463661_o-e1589244529786-570x456.jpg 570w, https:\/\/mepregion28.org\/wp-content\/uploads\/2019\/10\/mep-ss-bohemia-2019-1518_48207463661_o-e1589244529786.jpg 1500w\" sizes=\"auto, (max-width: 512px) 100vw, 512px\" \/><\/figure><\/div>\n\n\n\n<p>El programa de Educaci\u00f3n Migrante en los Condados de Lane y Douglas, ofrece servicios a estudiantes entre 3 y 5 a\u00f1os con el fin de promover el desarrollo integral de ni\u00f1as y ni\u00f1os, apoyar a los padres y cuidadores en el seguimiento a los indicadores de desarrollo de sus estudiantes, fortalecer sus v\u00ednculos,&nbsp; y acompa\u00f1ar los diferentes procesos que se desarrollan tanto en el entorno familiar como en programas preescolares con el fin de garantizar una transici\u00f3n exitosa&nbsp; al kindergarten.&nbsp;<br><\/p>\n\n\n\n<p>El programa, ofrece diferentes tipos de herramientas y actividades totalmente gratuitas para las familias que hacen parte del programa, entre esas:<br><\/p>\n\n\n\n<ul class=\"wp-block-list\"><li><a href=\"https:\/\/mepregion28.org\/index.php\/school-readiness\/visitas-en-casa\/\"><strong>Visitas en Casa<\/strong><\/a><\/li><li><a href=\"https:\/\/mepregion28.org\/index.php\/materiales-y-recursos\/\"><strong>Materiales y Recursos<\/strong><\/a><\/li><li><a href=\"https:\/\/mepregion28.org\/index.php\/school-readiness\/programa-pilas\/\"><strong>Programa Pilas<\/strong><\/a><\/li><\/ul>\n","protected":false},"excerpt":{"rendered":"<p>El programa de Educaci\u00f3n Migrante en los Condados de Lane y Douglas, ofrece servicios a estudiantes entre 3 y 5 a\u00f1os con el fin de promover el desarrollo integral de ni\u00f1as y ni\u00f1os, apoyar a los padres y cuidadores en el seguimiento a los indicadores de desarrollo de sus estudiantes, fortalecer sus v\u00ednculos,&nbsp; y acompa\u00f1ar [&hellip;]<\/p>\n","protected":false},"author":4,"featured_media":0,"parent":0,"menu_order":0,"comment_status":"closed","ping_status":"closed","template":"","meta":{"footnotes":""},"class_list":["post-155","page","type-page","status-publish","czr-hentry"],"_links":{"self":[{"href":"https:\/\/mepregion28.org\/index.php\/wp-json\/wp\/v2\/pages\/155","targetHints":{"allow":["GET"]}}],"collection":[{"href":"https:\/\/mepregion28.org\/index.php\/wp-json\/wp\/v2\/pages"}],"about":[{"href":"https:\/\/mepregion28.org\/index.php\/wp-json\/wp\/v2\/types\/page"}],"author":[{"embeddable":true,"href":"https:\/\/mepregion28.org\/index.php\/wp-json\/wp\/v2\/users\/4"}],"replies":[{"embeddable":true,"href":"https:\/\/mepregion28.org\/index.php\/wp-json\/wp\/v2\/comments?post=155"}],"version-history":[{"count":38,"href":"https:\/\/mepregion28.org\/index.php\/wp-json\/wp\/v2\/pages\/155\/revisions"}],"predecessor-version":[{"id":995,"href":"https:\/\/mepregion28.org\/index.php\/wp-json\/wp\/v2\/pages\/155\/revisions\/995"}],"wp:attachment":[{"href":"https:\/\/mepregion28.org\/index.php\/wp-json\/wp\/v2\/media?parent=155"}],"curies":[{"name":"wp","href":"https:\/\/api.w.org\/{rel}","templated":true}]}}