{"id":269,"date":"2020-03-09T17:47:23","date_gmt":"2020-03-09T17:47:23","guid":{"rendered":"http:\/\/mepregion28.org\/?page_id=269"},"modified":"2020-09-17T18:56:51","modified_gmt":"2020-09-17T18:56:51","slug":"graduacion","status":"publish","type":"page","link":"https:\/\/mepregion28.org\/index.php\/graduacion\/","title":{"rendered":"Graduaci\u00f3n"},"content":{"rendered":"\n<p>El especialista de graduaci\u00f3n trabaja con los alumnos de 6\u00ba a 12\u00ba grado. Damos apoyo en la transici\u00f3n a Preparatoria, para la graduaci\u00f3n y para los planes despu\u00e9s de \u00e9sta. Ayudamos a los estudiantes en sus variadas necesidades acad\u00e9micas y para solicitar ayuda financiera o aplicar a la universidad. Damos soporte para inscripciones a m\u00faltiples programas de verano, y ofrecemos tambi\u00e9n oportunidades de liderazgo y voluntariado. Facilitamos alternativas para conseguir el grado a j\u00f3venes que no pudieron terminar la Preparatoria. Colaboramos con multitud de agencias educativas y comunitarias para informar de recursos y eventos en la comunidad para estudiantes y sus familias.<\/p>\n\n\n\n<h2 class=\"wp-block-heading\"><strong>Recursos y herramientas<\/strong><\/h2>\n\n\n\n<p>El programa ofrece diferentes tipos de herramientas y actividades totalmente gratuitas para los estudiantes migrantes de grados 6 a 12 y sus familias, entre esas:<br><\/p>\n\n\n\n<ul class=\"wp-block-list\"><li><a href=\"https:\/\/mepregion28.org\/index.php\/graduacion\/programas-de-verano-para-grados-6-12\/\">Programas de Verano para Grados 6-12<\/a><\/li><li><a href=\"https:\/\/mepregion28.org\/index.php\/graduacion\/oportunidades-de-voluntariado-y-liderazgo\/\">Oportunidades de voluntariado y liderazgo<\/a><\/li><li><a href=\"https:\/\/mepregion28.org\/index.php\/graduacion\/apoyo-para-la-graduacion-de-los-alumnos-de-preparatoria-y-preparacion-para-la-post-secundaria\/\">Apoyo para la graduaci\u00f3n de los alumnos de preparatoria y Preparaci\u00f3n para la Post-Secundaria<\/a><\/li><li><a href=\"https:\/\/mepregion28.org\/index.php\/graduacion\/opciones-para-jovenes-fuera-de-la-escuela\/\">Opciones para j\u00f3venes fuera de la escuela<\/a><\/li><li><a href=\"https:\/\/mepregion28.org\/index.php\/graduacion\/recursos-para-estudiantes-y-familias\/\">Recursos para estudiantes y familias<\/a><\/li><\/ul>\n\n\n\n<p><\/p>\n\n\n\n<hr class=\"wp-block-separator\"\/>\n","protected":false},"excerpt":{"rendered":"<p>El especialista de graduaci\u00f3n trabaja con los alumnos de 6\u00ba a 12\u00ba grado. Damos apoyo en la transici\u00f3n a Preparatoria, para la graduaci\u00f3n y para los planes despu\u00e9s de \u00e9sta. Ayudamos a los estudiantes en sus variadas necesidades acad\u00e9micas y para solicitar ayuda financiera o aplicar a la universidad. Damos soporte para inscripciones a m\u00faltiples [&hellip;]<\/p>\n","protected":false},"author":4,"featured_media":0,"parent":0,"menu_order":0,"comment_status":"closed","ping_status":"closed","template":"","meta":{"footnotes":""},"class_list":["post-269","page","type-page","status-publish","czr-hentry"],"_links":{"self":[{"href":"https:\/\/mepregion28.org\/index.php\/wp-json\/wp\/v2\/pages\/269","targetHints":{"allow":["GET"]}}],"collection":[{"href":"https:\/\/mepregion28.org\/index.php\/wp-json\/wp\/v2\/pages"}],"about":[{"href":"https:\/\/mepregion28.org\/index.php\/wp-json\/wp\/v2\/types\/page"}],"author":[{"embeddable":true,"href":"https:\/\/mepregion28.org\/index.php\/wp-json\/wp\/v2\/users\/4"}],"replies":[{"embeddable":true,"href":"https:\/\/mepregion28.org\/index.php\/wp-json\/wp\/v2\/comments?post=269"}],"version-history":[{"count":10,"href":"https:\/\/mepregion28.org\/index.php\/wp-json\/wp\/v2\/pages\/269\/revisions"}],"predecessor-version":[{"id":997,"href":"https:\/\/mepregion28.org\/index.php\/wp-json\/wp\/v2\/pages\/269\/revisions\/997"}],"wp:attachment":[{"href":"https:\/\/mepregion28.org\/index.php\/wp-json\/wp\/v2\/media?parent=269"}],"curies":[{"name":"wp","href":"https:\/\/api.w.org\/{rel}","templated":true}]}}