{"id":272,"date":"2020-03-09T17:47:23","date_gmt":"2020-03-09T17:47:23","guid":{"rendered":"http:\/\/mepregion28.org\/?page_id=272"},"modified":"2021-08-20T13:46:27","modified_gmt":"2021-08-20T21:46:27","slug":"involucramiento-estudiantil","status":"publish","type":"page","link":"https:\/\/mepregion28.org\/index.php\/involucramiento-estudiantil\/","title":{"rendered":"Involucramiento Estudiantil"},"content":{"rendered":"\n<p>El prop\u00f3sito principal de la especialista de involucramiento estudiantil es apoyar estudiantes de cualquier grado desde kindergarten hasta los \u00faltimos a\u00f1os de secundaria, incluso los\/las que no se graduaron, pero que les interesa seguir estudiando para sacar el GED o entrar en alg\u00fan programa acad\u00e9mico preparatorio para conseguirlo. Esta especialista trabaja junto a la especialista en graduaci\u00f3n y la especialista en involucramiento familiar para dar apoyo a los alumnos que necesitan mayor soporte con sus estudios en los temas de lectura, matem\u00e1ticas o ciencia, utilizando para ello herramientas y estrategias variadas dependiendo del alumno.<\/p>\n\n\n\n<p>As\u00ed mismo,&nbsp; la especialista de involucramiento estudiantil desarrolla m\u00e1s actividades y estrategias que apoyen a todos los estudiantes en el programa de educaci\u00f3n migrante, incluyendo programas y talleres despu\u00e9s de escuela, tutor\u00eda en casa, y excursiones educativas.<\/p>\n\n\n\n<p>Para mayor informaci\u00f3n pueden comunicarse con nuestra especialista Jess Worley, ella atender\u00e1 todas sus inquietudes y le apoyar\u00e1 para solucionar cualquier dificultad que pueda tener.&nbsp;<\/p>\n\n\n\n<p>Nuestra especialista:&nbsp;<\/p>\n\n\n\n<p>Hola, soy Jess! Durante mi primer a\u00f1o aqu\u00ed con el programa MEP, he tenido la oportunidad de ayudar en distintas \u00e1reas. Adicional a mi papel como reclutadora, para lo cual invito a las familias de nuestra comunidad a involucrarse con nosotros, mi papel fundamental es el apoyo educativo. Ayudo a conectar a nuestros alumnos con servicios de estudios y tutor\u00eda en l\u00ednea, as\u00ed como apoyo a los estudiantes complementando los huequitos de conocimiento que tenemos tod@s. Tambi\u00e9n presto asistencia con actividades interactivas como presentaciones, excursiones, y proyectos para ayudarnos a aprender y crecer junt@s como seres humanos. Siempre estamos haciendo algo divertido aqu\u00ed en el programa MEP! \u00a1Espero verlos pronto!<\/p>\n\n\n\n<ul class=\"wp-block-list\"><li><a href=\"https:\/\/mepregion28.org\/index.php\/involucramiento-estudiantil\/kahn-academy\/\" data-type=\"page\" data-id=\"1016\">Khan Academy<\/a><\/li><li><a href=\"https:\/\/mepregion28.org\/index.php\/involucramiento-estudiantil\/visitas-en-casa-ie\/\" data-type=\"page\" data-id=\"1021\">Visitas en Casa<\/a><\/li><li><a href=\"https:\/\/mepregion28.org\/index.php\/involucramiento-estudiantil\/cafecitos-de-apoyo\/\" data-type=\"page\" data-id=\"1117\">Cafecitos de Apoyo<\/a><\/li><\/ul>\n","protected":false},"excerpt":{"rendered":"<p>El prop\u00f3sito principal de la especialista de involucramiento estudiantil es apoyar estudiantes de cualquier grado desde kindergarten hasta los \u00faltimos a\u00f1os de secundaria, incluso los\/las que no se graduaron, pero que les interesa seguir estudiando para sacar el GED o entrar en alg\u00fan programa acad\u00e9mico preparatorio para conseguirlo. Esta especialista trabaja junto a la especialista [&hellip;]<\/p>\n","protected":false},"author":4,"featured_media":0,"parent":0,"menu_order":0,"comment_status":"closed","ping_status":"closed","template":"","meta":{"footnotes":""},"class_list":["post-272","page","type-page","status-publish","czr-hentry"],"_links":{"self":[{"href":"https:\/\/mepregion28.org\/index.php\/wp-json\/wp\/v2\/pages\/272","targetHints":{"allow":["GET"]}}],"collection":[{"href":"https:\/\/mepregion28.org\/index.php\/wp-json\/wp\/v2\/pages"}],"about":[{"href":"https:\/\/mepregion28.org\/index.php\/wp-json\/wp\/v2\/types\/page"}],"author":[{"embeddable":true,"href":"https:\/\/mepregion28.org\/index.php\/wp-json\/wp\/v2\/users\/4"}],"replies":[{"embeddable":true,"href":"https:\/\/mepregion28.org\/index.php\/wp-json\/wp\/v2\/comments?post=272"}],"version-history":[{"count":9,"href":"https:\/\/mepregion28.org\/index.php\/wp-json\/wp\/v2\/pages\/272\/revisions"}],"predecessor-version":[{"id":1124,"href":"https:\/\/mepregion28.org\/index.php\/wp-json\/wp\/v2\/pages\/272\/revisions\/1124"}],"wp:attachment":[{"href":"https:\/\/mepregion28.org\/index.php\/wp-json\/wp\/v2\/media?parent=272"}],"curies":[{"name":"wp","href":"https:\/\/api.w.org\/{rel}","templated":true}]}}