{"id":614,"date":"2020-05-11T17:48:48","date_gmt":"2020-05-11T17:48:48","guid":{"rendered":"http:\/\/mepregion28.org\/?page_id=614"},"modified":"2020-09-17T19:33:20","modified_gmt":"2020-09-17T19:33:20","slug":"visitas-en-casa-pre","status":"publish","type":"page","link":"https:\/\/mepregion28.org\/index.php\/preescolar\/visitas-en-casa-pre\/","title":{"rendered":"Visitas en Casa"},"content":{"rendered":"\n<p>Nuestra especialista en Preescolar acompa\u00f1a a las familias y cuidadores a trav\u00e9s de una serie de visitas en casa durante el a\u00f1o escolar&nbsp; en las que provee materiales y recursos variados para trabajar con los ni\u00f1os y ni\u00f1as, identificar estrategias para fortalecer habilidades acordes a la etapa del desarrollo de cada ni\u00f1o y promover pr\u00e1cticas amorosas previniendo as\u00ed el maltrato infantil. <\/p>\n\n\n\n<p><\/p>\n","protected":false},"excerpt":{"rendered":"<p>Nuestra especialista en Preescolar acompa\u00f1a a las familias y cuidadores a trav\u00e9s de una serie de visitas en casa durante el a\u00f1o escolar&nbsp; en las que provee materiales y recursos variados para trabajar con los ni\u00f1os y ni\u00f1as, identificar estrategias para fortalecer habilidades acordes a la etapa del desarrollo de cada ni\u00f1o y promover pr\u00e1cticas [&hellip;]<\/p>\n","protected":false},"author":2,"featured_media":0,"parent":155,"menu_order":0,"comment_status":"closed","ping_status":"closed","template":"","meta":{"footnotes":""},"class_list":["post-614","page","type-page","status-publish","czr-hentry"],"_links":{"self":[{"href":"https:\/\/mepregion28.org\/index.php\/wp-json\/wp\/v2\/pages\/614","targetHints":{"allow":["GET"]}}],"collection":[{"href":"https:\/\/mepregion28.org\/index.php\/wp-json\/wp\/v2\/pages"}],"about":[{"href":"https:\/\/mepregion28.org\/index.php\/wp-json\/wp\/v2\/types\/page"}],"author":[{"embeddable":true,"href":"https:\/\/mepregion28.org\/index.php\/wp-json\/wp\/v2\/users\/2"}],"replies":[{"embeddable":true,"href":"https:\/\/mepregion28.org\/index.php\/wp-json\/wp\/v2\/comments?post=614"}],"version-history":[{"count":4,"href":"https:\/\/mepregion28.org\/index.php\/wp-json\/wp\/v2\/pages\/614\/revisions"}],"predecessor-version":[{"id":659,"href":"https:\/\/mepregion28.org\/index.php\/wp-json\/wp\/v2\/pages\/614\/revisions\/659"}],"up":[{"embeddable":true,"href":"https:\/\/mepregion28.org\/index.php\/wp-json\/wp\/v2\/pages\/155"}],"wp:attachment":[{"href":"https:\/\/mepregion28.org\/index.php\/wp-json\/wp\/v2\/media?parent=614"}],"curies":[{"name":"wp","href":"https:\/\/api.w.org\/{rel}","templated":true}]}}