{"id":766,"date":"2020-05-28T23:51:46","date_gmt":"2020-05-28T23:51:46","guid":{"rendered":"http:\/\/mepregion28.org\/?page_id=766"},"modified":"2020-05-28T23:51:47","modified_gmt":"2020-05-28T23:51:47","slug":"programas-de-verano-para-grados-6-12","status":"publish","type":"page","link":"https:\/\/mepregion28.org\/index.php\/graduacion\/programas-de-verano-para-grados-6-12\/","title":{"rendered":"Programas de Verano para Grados 6-12"},"content":{"rendered":"\n<p>El Programa Migrante ofrece, adem\u00e1s de la escuela de verano hasta el grado 8, muchas opciones de diversi\u00f3n, aprendizaje y cultura para los estudiantes adolescentes en verano. Hay opciones locales solo durante el d\u00eda, en Lane Community College y University of Oregon, y otras en Willamette Forest, Salem y Ashland. Hay tambi\u00e9n oportunidades de voluntariado y liderazgo para los estudiantes de Preparatoria, as\u00ed como apoyo acad\u00e9mico en casa y en l\u00ednea, y ayuda en la transici\u00f3n a Preparatoria y a la vida adulta.<\/p>\n","protected":false},"excerpt":{"rendered":"<p>El Programa Migrante ofrece, adem\u00e1s de la escuela de verano hasta el grado 8, muchas opciones de diversi\u00f3n, aprendizaje y cultura para los estudiantes adolescentes en verano. Hay opciones locales solo durante el d\u00eda, en Lane Community College y University of Oregon, y otras en Willamette Forest, Salem y Ashland. Hay tambi\u00e9n oportunidades de voluntariado [&hellip;]<\/p>\n","protected":false},"author":2,"featured_media":0,"parent":269,"menu_order":0,"comment_status":"closed","ping_status":"closed","template":"","meta":{"footnotes":""},"class_list":["post-766","page","type-page","status-publish","czr-hentry"],"_links":{"self":[{"href":"https:\/\/mepregion28.org\/index.php\/wp-json\/wp\/v2\/pages\/766","targetHints":{"allow":["GET"]}}],"collection":[{"href":"https:\/\/mepregion28.org\/index.php\/wp-json\/wp\/v2\/pages"}],"about":[{"href":"https:\/\/mepregion28.org\/index.php\/wp-json\/wp\/v2\/types\/page"}],"author":[{"embeddable":true,"href":"https:\/\/mepregion28.org\/index.php\/wp-json\/wp\/v2\/users\/2"}],"replies":[{"embeddable":true,"href":"https:\/\/mepregion28.org\/index.php\/wp-json\/wp\/v2\/comments?post=766"}],"version-history":[{"count":1,"href":"https:\/\/mepregion28.org\/index.php\/wp-json\/wp\/v2\/pages\/766\/revisions"}],"predecessor-version":[{"id":767,"href":"https:\/\/mepregion28.org\/index.php\/wp-json\/wp\/v2\/pages\/766\/revisions\/767"}],"up":[{"embeddable":true,"href":"https:\/\/mepregion28.org\/index.php\/wp-json\/wp\/v2\/pages\/269"}],"wp:attachment":[{"href":"https:\/\/mepregion28.org\/index.php\/wp-json\/wp\/v2\/media?parent=766"}],"curies":[{"name":"wp","href":"https:\/\/api.w.org\/{rel}","templated":true}]}}