{"id":777,"date":"2020-06-02T20:59:56","date_gmt":"2020-06-02T20:59:56","guid":{"rendered":"http:\/\/mepregion28.org\/?page_id=777"},"modified":"2020-06-02T21:37:15","modified_gmt":"2020-06-02T21:37:15","slug":"oportunidades-de-voluntariado-y-liderazgo","status":"publish","type":"page","link":"https:\/\/mepregion28.org\/index.php\/graduacion\/oportunidades-de-voluntariado-y-liderazgo\/","title":{"rendered":"Oportunidades de voluntariado y liderazgo"},"content":{"rendered":"\n<div class=\"wp-block-image\"><figure class=\"alignright is-resized\"><img loading=\"lazy\" decoding=\"async\" src=\"https:\/\/mepregion28.org\/wp-content\/uploads\/2020\/06\/image21-768x1024.png\" alt=\"Oportunidades de voluntariado y liderazgo\" class=\"wp-image-812\" width=\"384\" height=\"512\" srcset=\"https:\/\/mepregion28.org\/wp-content\/uploads\/2020\/06\/image21.png 768w, https:\/\/mepregion28.org\/wp-content\/uploads\/2020\/06\/image21-225x300.png 225w, https:\/\/mepregion28.org\/wp-content\/uploads\/2020\/06\/image21-570x760.png 570w\" sizes=\"auto, (max-width: 384px) 100vw, 384px\" \/><\/figure><\/div>\n\n\n\n<p>La especialista de graduaci\u00f3n puede ofrecer informaci\u00f3n sobre&nbsp; m\u00faltiples posibilidades de voluntariado y liderazgo en la comunidad. No duden en contactarnos si el estudiante est\u00e1 interesado. Tambi\u00e9n ofrecemos opciones de voluntariado con el Programa, especialmente en verano. Otra gran oportunidad es el Foro De Juventud Migrante, con actividades de servicio comunitario y para aprender sobre la post-secundaria.<br><\/p>\n","protected":false},"excerpt":{"rendered":"<p>La especialista de graduaci\u00f3n puede ofrecer informaci\u00f3n sobre&nbsp; m\u00faltiples posibilidades de voluntariado y liderazgo en la comunidad. No duden en contactarnos si el estudiante est\u00e1 interesado. Tambi\u00e9n ofrecemos opciones de voluntariado con el Programa, especialmente en verano. Otra gran oportunidad es el Foro De Juventud Migrante, con actividades de servicio comunitario y para aprender sobre [&hellip;]<\/p>\n","protected":false},"author":2,"featured_media":0,"parent":269,"menu_order":2,"comment_status":"closed","ping_status":"closed","template":"","meta":{"footnotes":""},"class_list":["post-777","page","type-page","status-publish","czr-hentry"],"_links":{"self":[{"href":"https:\/\/mepregion28.org\/index.php\/wp-json\/wp\/v2\/pages\/777","targetHints":{"allow":["GET"]}}],"collection":[{"href":"https:\/\/mepregion28.org\/index.php\/wp-json\/wp\/v2\/pages"}],"about":[{"href":"https:\/\/mepregion28.org\/index.php\/wp-json\/wp\/v2\/types\/page"}],"author":[{"embeddable":true,"href":"https:\/\/mepregion28.org\/index.php\/wp-json\/wp\/v2\/users\/2"}],"replies":[{"embeddable":true,"href":"https:\/\/mepregion28.org\/index.php\/wp-json\/wp\/v2\/comments?post=777"}],"version-history":[{"count":2,"href":"https:\/\/mepregion28.org\/index.php\/wp-json\/wp\/v2\/pages\/777\/revisions"}],"predecessor-version":[{"id":818,"href":"https:\/\/mepregion28.org\/index.php\/wp-json\/wp\/v2\/pages\/777\/revisions\/818"}],"up":[{"embeddable":true,"href":"https:\/\/mepregion28.org\/index.php\/wp-json\/wp\/v2\/pages\/269"}],"wp:attachment":[{"href":"https:\/\/mepregion28.org\/index.php\/wp-json\/wp\/v2\/media?parent=777"}],"curies":[{"name":"wp","href":"https:\/\/api.w.org\/{rel}","templated":true}]}}