{"id":785,"date":"2020-06-02T21:04:39","date_gmt":"2020-06-02T21:04:39","guid":{"rendered":"http:\/\/mepregion28.org\/?page_id=785"},"modified":"2020-06-02T22:32:33","modified_gmt":"2020-06-02T22:32:33","slug":"opciones-para-jovenes-fuera-de-la-escuela","status":"publish","type":"page","link":"https:\/\/mepregion28.org\/index.php\/graduacion\/opciones-para-jovenes-fuera-de-la-escuela\/","title":{"rendered":"Opciones para j\u00f3venes fuera de la escuela"},"content":{"rendered":"\n<p>El Programa Migrante da gran importancia a apoyar a nuestros j\u00f3venes en riesgo de dejar la escuela, o que no pudieron completar sus estudios secundarios. Mientras est\u00e1n en la escuela, se coordinan recursos con los consejeros escolares para darles soporte individualizado y las mejores opciones de \u00e9xito. Para los j\u00f3venes que quieren volver a estudiar, hay opciones para clases de ingl\u00e9s y computadora, para obtener el graduado escolar, y para acceder a otros recursos educativos de la comunidad.<\/p>\n\n\n\n<ul class=\"wp-block-list\"><li><a href=\"https:\/\/hep.oregonstate.edu\/\"><strong>HEP program<\/strong><\/a> &#8211; HEP es un programa acelerado en Corvallis para conseguir el graduado escolar en tan solo diez semanas. <\/li><\/ul>\n\n\n\n<p><\/p>\n","protected":false},"excerpt":{"rendered":"<p>El Programa Migrante da gran importancia a apoyar a nuestros j\u00f3venes en riesgo de dejar la escuela, o que no pudieron completar sus estudios secundarios. Mientras est\u00e1n en la escuela, se coordinan recursos con los consejeros escolares para darles soporte individualizado y las mejores opciones de \u00e9xito. Para los j\u00f3venes que quieren volver a estudiar, [&hellip;]<\/p>\n","protected":false},"author":2,"featured_media":0,"parent":269,"menu_order":4,"comment_status":"closed","ping_status":"closed","template":"","meta":{"footnotes":""},"class_list":["post-785","page","type-page","status-publish","czr-hentry"],"_links":{"self":[{"href":"https:\/\/mepregion28.org\/index.php\/wp-json\/wp\/v2\/pages\/785","targetHints":{"allow":["GET"]}}],"collection":[{"href":"https:\/\/mepregion28.org\/index.php\/wp-json\/wp\/v2\/pages"}],"about":[{"href":"https:\/\/mepregion28.org\/index.php\/wp-json\/wp\/v2\/types\/page"}],"author":[{"embeddable":true,"href":"https:\/\/mepregion28.org\/index.php\/wp-json\/wp\/v2\/users\/2"}],"replies":[{"embeddable":true,"href":"https:\/\/mepregion28.org\/index.php\/wp-json\/wp\/v2\/comments?post=785"}],"version-history":[{"count":3,"href":"https:\/\/mepregion28.org\/index.php\/wp-json\/wp\/v2\/pages\/785\/revisions"}],"predecessor-version":[{"id":850,"href":"https:\/\/mepregion28.org\/index.php\/wp-json\/wp\/v2\/pages\/785\/revisions\/850"}],"up":[{"embeddable":true,"href":"https:\/\/mepregion28.org\/index.php\/wp-json\/wp\/v2\/pages\/269"}],"wp:attachment":[{"href":"https:\/\/mepregion28.org\/index.php\/wp-json\/wp\/v2\/media?parent=785"}],"curies":[{"name":"wp","href":"https:\/\/api.w.org\/{rel}","templated":true}]}}