{"id":831,"date":"2020-06-02T21:49:43","date_gmt":"2020-06-02T21:49:43","guid":{"rendered":"http:\/\/mepregion28.org\/?page_id=831"},"modified":"2020-06-02T21:50:51","modified_gmt":"2020-06-02T21:50:51","slug":"pac","status":"publish","type":"page","link":"https:\/\/mepregion28.org\/index.php\/desarrollo-familiar\/pac\/","title":{"rendered":"PAC"},"content":{"rendered":"\n<figure class=\"wp-block-image\"><img loading=\"lazy\" decoding=\"async\" width=\"1024\" height=\"498\" src=\"http:\/\/mepregion28.org\/wp-content\/uploads\/2020\/06\/image26-1024x498.jpg\" alt=\"PAC\" class=\"wp-image-833\" srcset=\"https:\/\/mepregion28.org\/wp-content\/uploads\/2020\/06\/image26-1024x498.jpg 1024w, https:\/\/mepregion28.org\/wp-content\/uploads\/2020\/06\/image26-300x146.jpg 300w, https:\/\/mepregion28.org\/wp-content\/uploads\/2020\/06\/image26-768x373.jpg 768w, https:\/\/mepregion28.org\/wp-content\/uploads\/2020\/06\/image26-570x277.jpg 570w, https:\/\/mepregion28.org\/wp-content\/uploads\/2020\/06\/image26.jpg 1999w\" sizes=\"auto, (max-width: 1024px) 100vw, 1024px\" \/><\/figure>\n\n\n\n<p>El Comit\u00e9 de Padres Consultores (PAC) es un grupo de padres que apoyan el programa a trav\u00e9s de su participaci\u00f3n en reuniones, en las que el equipo del programa comparte recursos, ideas para reuniones, y planes para el programa. As\u00ed mismo, es una oportunidad para que los padres de familia ofrezcan desde su experiencia y sus vivencias, retroalimentaci\u00f3n al programa sobre las diferentes actividades que llevamos a cabo y las diferentes opciones disponibles para ofrecer un mayor apoyo a las familias y sus estudiantes.&nbsp;<br><\/p>\n","protected":false},"excerpt":{"rendered":"<p>El Comit\u00e9 de Padres Consultores (PAC) es un grupo de padres que apoyan el programa a trav\u00e9s de su participaci\u00f3n en reuniones, en las que el equipo del programa comparte recursos, ideas para reuniones, y planes para el programa. As\u00ed mismo, es una oportunidad para que los padres de familia ofrezcan desde su experiencia y [&hellip;]<\/p>\n","protected":false},"author":2,"featured_media":0,"parent":824,"menu_order":1,"comment_status":"closed","ping_status":"closed","template":"","meta":{"footnotes":""},"class_list":["post-831","page","type-page","status-publish","czr-hentry"],"_links":{"self":[{"href":"https:\/\/mepregion28.org\/index.php\/wp-json\/wp\/v2\/pages\/831","targetHints":{"allow":["GET"]}}],"collection":[{"href":"https:\/\/mepregion28.org\/index.php\/wp-json\/wp\/v2\/pages"}],"about":[{"href":"https:\/\/mepregion28.org\/index.php\/wp-json\/wp\/v2\/types\/page"}],"author":[{"embeddable":true,"href":"https:\/\/mepregion28.org\/index.php\/wp-json\/wp\/v2\/users\/2"}],"replies":[{"embeddable":true,"href":"https:\/\/mepregion28.org\/index.php\/wp-json\/wp\/v2\/comments?post=831"}],"version-history":[{"count":3,"href":"https:\/\/mepregion28.org\/index.php\/wp-json\/wp\/v2\/pages\/831\/revisions"}],"predecessor-version":[{"id":1109,"href":"https:\/\/mepregion28.org\/index.php\/wp-json\/wp\/v2\/pages\/831\/revisions\/1109"}],"up":[{"embeddable":true,"href":"https:\/\/mepregion28.org\/index.php\/wp-json\/wp\/v2\/pages\/824"}],"wp:attachment":[{"href":"https:\/\/mepregion28.org\/index.php\/wp-json\/wp\/v2\/media?parent=831"}],"curies":[{"name":"wp","href":"https:\/\/api.w.org\/{rel}","templated":true}]}}