{"id":835,"date":"2020-06-02T21:51:40","date_gmt":"2020-06-02T21:51:40","guid":{"rendered":"http:\/\/mepregion28.org\/?page_id=835"},"modified":"2020-06-02T21:52:03","modified_gmt":"2020-06-02T21:52:03","slug":"reuniones-de-padres","status":"publish","type":"page","link":"https:\/\/mepregion28.org\/index.php\/desarrollo-familiar\/reuniones-de-padres\/","title":{"rendered":"Reuniones de Padres"},"content":{"rendered":"\n<figure class=\"wp-block-image\"><img decoding=\"async\" src=\"https:\/\/lh4.googleusercontent.com\/HMI9-f3OR8nyC1OwDtfHrADeTQBcT8oA7H6GShcbbWrIlIRAlSmaWGg3twpYzIIrLq1RL_yTYlZBtOkTZIfIkDwNqU5mgrv5P9fWhTHSY9OtbPQl1W-tvN3v5NaIrP9d_IoJXvC3\" alt=\"\"\/><\/figure>\n\n\n\n<p>En colaboraci\u00f3n con otros especialistas del programa, organizaciones, y distritos escolares; el Programa de Educaci\u00f3n Migrante realiza diversos tipos de reuniones&nbsp; y entrenamientos dirigidos a&nbsp; padres y cuidadores con el objetivo de ofrecer un mayor apoyo a los estudiantes.&nbsp;<br><\/p>\n\n\n\n<figure class=\"wp-block-image\"><img loading=\"lazy\" decoding=\"async\" width=\"1024\" height=\"683\" src=\"https:\/\/mepregion28.org\/wp-content\/uploads\/2020\/06\/image6-1024x683.jpg\" alt=\"\" class=\"wp-image-837\" srcset=\"https:\/\/mepregion28.org\/wp-content\/uploads\/2020\/06\/image6-1024x683.jpg 1024w, https:\/\/mepregion28.org\/wp-content\/uploads\/2020\/06\/image6-300x200.jpg 300w, https:\/\/mepregion28.org\/wp-content\/uploads\/2020\/06\/image6-768x512.jpg 768w, https:\/\/mepregion28.org\/wp-content\/uploads\/2020\/06\/image6-570x380.jpg 570w, https:\/\/mepregion28.org\/wp-content\/uploads\/2020\/06\/image6.jpg 1620w\" sizes=\"auto, (max-width: 1024px) 100vw, 1024px\" \/><\/figure>\n\n\n\n<p>Adicionalmente, las familias tambi\u00e9n tienen la oportunidad de asistir a&nbsp; institutos de padres, donde se comparten herramientas e informaci\u00f3n pertinente para su acompa\u00f1amiento a los estudiantes. <br><\/p>\n","protected":false},"excerpt":{"rendered":"<p>En colaboraci\u00f3n con otros especialistas del programa, organizaciones, y distritos escolares; el Programa de Educaci\u00f3n Migrante realiza diversos tipos de reuniones&nbsp; y entrenamientos dirigidos a&nbsp; padres y cuidadores con el objetivo de ofrecer un mayor apoyo a los estudiantes.&nbsp; Adicionalmente, las familias tambi\u00e9n tienen la oportunidad de asistir a&nbsp; institutos de padres, donde se comparten [&hellip;]<\/p>\n","protected":false},"author":2,"featured_media":0,"parent":824,"menu_order":2,"comment_status":"closed","ping_status":"closed","template":"","meta":{"footnotes":""},"class_list":["post-835","page","type-page","status-publish","czr-hentry"],"_links":{"self":[{"href":"https:\/\/mepregion28.org\/index.php\/wp-json\/wp\/v2\/pages\/835","targetHints":{"allow":["GET"]}}],"collection":[{"href":"https:\/\/mepregion28.org\/index.php\/wp-json\/wp\/v2\/pages"}],"about":[{"href":"https:\/\/mepregion28.org\/index.php\/wp-json\/wp\/v2\/types\/page"}],"author":[{"embeddable":true,"href":"https:\/\/mepregion28.org\/index.php\/wp-json\/wp\/v2\/users\/2"}],"replies":[{"embeddable":true,"href":"https:\/\/mepregion28.org\/index.php\/wp-json\/wp\/v2\/comments?post=835"}],"version-history":[{"count":2,"href":"https:\/\/mepregion28.org\/index.php\/wp-json\/wp\/v2\/pages\/835\/revisions"}],"predecessor-version":[{"id":838,"href":"https:\/\/mepregion28.org\/index.php\/wp-json\/wp\/v2\/pages\/835\/revisions\/838"}],"up":[{"embeddable":true,"href":"https:\/\/mepregion28.org\/index.php\/wp-json\/wp\/v2\/pages\/824"}],"wp:attachment":[{"href":"https:\/\/mepregion28.org\/index.php\/wp-json\/wp\/v2\/media?parent=835"}],"curies":[{"name":"wp","href":"https:\/\/api.w.org\/{rel}","templated":true}]}}